{"id":2590,"date":"2020-03-27T21:49:33","date_gmt":"2020-03-27T20:49:33","guid":{"rendered":"http:\/\/s12i.ch\/wordpress\/?page_id=2590"},"modified":"2020-05-11T17:12:41","modified_gmt":"2020-05-11T15:12:41","slug":"welsiker-ol-2020","status":"publish","type":"page","link":"https:\/\/welsikon.ch\/?page_id=2590","title":{"rendered":"***ABGESAGT* Welsiker OL 2020"},"content":{"rendered":"\n<figure class=\"wp-block-image size-large\"><img loading=\"lazy\" decoding=\"async\" width=\"1024\" height=\"768\" src=\"https:\/\/welsikon.ch\/wp-content\/uploads\/2020\/03\/Bild-Dorf-1.jpg\" alt=\"\" class=\"wp-image-2599\" srcset=\"https:\/\/welsikon.ch\/wp-content\/uploads\/2020\/03\/Bild-Dorf-1.jpg 1024w, https:\/\/welsikon.ch\/wp-content\/uploads\/2020\/03\/Bild-Dorf-1-300x225.jpg 300w, https:\/\/welsikon.ch\/wp-content\/uploads\/2020\/03\/Bild-Dorf-1-768x576.jpg 768w\" sizes=\"auto, (max-width: 1024px) 100vw, 1024px\" \/><figcaption>Von hier aus h\u00e4tte es am 14. Juni losgehen sollen<\/figcaption><\/figure>\n\n\n\n<p>Liebe OL-Freunde, die Corona-Pandemie hat bekanntlich auch den OL-Betrieb lahmgelegt. Trotz den vom Bundesrat angek\u00fcndigten anstehenden Lockerungen, was den Trainingsbetrieb betrifft, haben wir entschieden, den 52. Welsiker OL vom Sonntag, 14. Juni abzusagen. 2020 gibt es keinen Welsiker OL.<\/p>\n\n\n\n<p>Wir hoffen aber alle, das nach den Sommerferien wieder L\u00e4ufe stattfinden k\u00f6nnen, regionale und nationale. In der Zwischenzeit w\u00fcnschen wir allen gute Trainings \u2013 und bliibed xund!<\/p>\n","protected":false},"excerpt":{"rendered":"<p>Liebe OL-Freunde, die Corona-Pandemie hat bekanntlich auch den OL-Betrieb lahmgelegt. Trotz den vom Bundesrat angek\u00fcndigten anstehenden Lockerungen, was den Trainingsbetrieb betrifft, haben wir entschieden, den 52. Welsiker OL vom Sonntag, 14. Juni abzusagen. 2020 gibt es keinen Welsiker OL. Wir hoffen aber alle, das nach den Sommerferien wieder L\u00e4ufe stattfinden k\u00f6nnen, regionale und nationale. In &hellip; <a href=\"https:\/\/welsikon.ch\/?page_id=2590\" class=\"more-link\"><span class=\"screen-reader-text\">***ABGESAGT* Welsiker OL 2020<\/span> weiterlesen <span class=\"meta-nav\">&rarr;<\/span><\/a><\/p>\n","protected":false},"author":1,"featured_media":0,"parent":1437,"menu_order":7,"comment_status":"closed","ping_status":"closed","template":"","meta":{"footnotes":""},"class_list":["post-2590","page","type-page","status-publish","hentry"],"_links":{"self":[{"href":"https:\/\/welsikon.ch\/index.php?rest_route=\/wp\/v2\/pages\/2590","targetHints":{"allow":["GET"]}}],"collection":[{"href":"https:\/\/welsikon.ch\/index.php?rest_route=\/wp\/v2\/pages"}],"about":[{"href":"https:\/\/welsikon.ch\/index.php?rest_route=\/wp\/v2\/types\/page"}],"author":[{"embeddable":true,"href":"https:\/\/welsikon.ch\/index.php?rest_route=\/wp\/v2\/users\/1"}],"replies":[{"embeddable":true,"href":"https:\/\/welsikon.ch\/index.php?rest_route=%2Fwp%2Fv2%2Fcomments&post=2590"}],"version-history":[{"count":8,"href":"https:\/\/welsikon.ch\/index.php?rest_route=\/wp\/v2\/pages\/2590\/revisions"}],"predecessor-version":[{"id":2621,"href":"https:\/\/welsikon.ch\/index.php?rest_route=\/wp\/v2\/pages\/2590\/revisions\/2621"}],"up":[{"embeddable":true,"href":"https:\/\/welsikon.ch\/index.php?rest_route=\/wp\/v2\/pages\/1437"}],"wp:attachment":[{"href":"https:\/\/welsikon.ch\/index.php?rest_route=%2Fwp%2Fv2%2Fmedia&parent=2590"}],"curies":[{"name":"wp","href":"https:\/\/api.w.org\/{rel}","templated":true}]}}